{"id":981,"date":"2022-09-27T06:48:02","date_gmt":"2022-09-27T05:48:02","guid":{"rendered":"http:\/\/contesdechorig.fr\/?page_id=981"},"modified":"2022-09-27T06:48:02","modified_gmt":"2022-09-27T05:48:02","slug":"la-douceur-de-marie","status":"publish","type":"page","link":"http:\/\/contesdechorig.fr\/index.php\/la-douceur-de-marie\/","title":{"rendered":"La douceur de Marie"},"content":{"rendered":"\n<p><br>Si tu connaissais la douceur de Marie<br>Tu pardonnerais \u00e0 tes ennemis<br>Si tu invoquais Marie<br>Quand tu es affaibli<br>Tu sentirais une chaleur<br>douce du cr\u00e9ateur<br>dans ton c\u0153ur<br>comme une \u00e9treinte<br>qui enl\u00e8ve<br>toutes tes craintes.<br>Marie,<br>C\u2019est une sainte maman<br>avec toi son enfant.<br>Ne baisse pas les bras surtout<br>Invoque Marie<br>Et tu sentirais cette paix<br>Qui va t\u2019enfanter une bonne sant\u00e9<br>Que tu pourras chanter !<\/p>\n\n\n\n<p><br>Chorig Y\u00e9ramian, le jeudi 15 Septembre 2022<\/p>\n","protected":false},"excerpt":{"rendered":"<p>Si tu connaissais la douceur de MarieTu pardonnerais \u00e0 tes ennemisSi tu invoquais MarieQuand tu es affaibliTu sentirais une chaleurdouce du cr\u00e9ateurdans ton c\u0153urcomme une \u00e9treintequi enl\u00e8vetoutes tes craintes.Marie,C\u2019est une sainte mamanavec toi son enfant.Ne baisse pas les bras surtoutInvoque MarieEt tu sentirais cette paixQui va t\u2019enfanter une bonne sant\u00e9Que tu pourras chanter ! Chorig [&hellip;]<\/p>\n","protected":false},"author":1,"featured_media":0,"parent":0,"menu_order":0,"comment_status":"closed","ping_status":"closed","template":"","meta":[],"_links":{"self":[{"href":"http:\/\/contesdechorig.fr\/index.php\/wp-json\/wp\/v2\/pages\/981"}],"collection":[{"href":"http:\/\/contesdechorig.fr\/index.php\/wp-json\/wp\/v2\/pages"}],"about":[{"href":"http:\/\/contesdechorig.fr\/index.php\/wp-json\/wp\/v2\/types\/page"}],"author":[{"embeddable":true,"href":"http:\/\/contesdechorig.fr\/index.php\/wp-json\/wp\/v2\/users\/1"}],"replies":[{"embeddable":true,"href":"http:\/\/contesdechorig.fr\/index.php\/wp-json\/wp\/v2\/comments?post=981"}],"version-history":[{"count":1,"href":"http:\/\/contesdechorig.fr\/index.php\/wp-json\/wp\/v2\/pages\/981\/revisions"}],"predecessor-version":[{"id":982,"href":"http:\/\/contesdechorig.fr\/index.php\/wp-json\/wp\/v2\/pages\/981\/revisions\/982"}],"wp:attachment":[{"href":"http:\/\/contesdechorig.fr\/index.php\/wp-json\/wp\/v2\/media?parent=981"}],"curies":[{"name":"wp","href":"https:\/\/api.w.org\/{rel}","templated":true}]}}