{"id":873,"date":"2021-06-13T10:03:57","date_gmt":"2021-06-13T09:03:57","guid":{"rendered":"http:\/\/contesdechorig.fr\/?page_id=873"},"modified":"2022-04-21T18:50:29","modified_gmt":"2022-04-21T17:50:29","slug":"quels-genres-de-contes","status":"publish","type":"page","link":"http:\/\/contesdechorig.fr\/index.php\/quels-genres-de-contes\/","title":{"rendered":"Quels genres de contes ?"},"content":{"rendered":"\n<ol type=\"1\"><li><strong>Les contes \u00e9ducatifs<\/strong><\/li><\/ol>\n\n\n\n<p>Pour les enfants de 6 mois \u00e0 14 ans<\/p>\n\n\n\n<ul><li><strong><u>Les contes merveilleux<\/u><\/strong><\/li><\/ul>\n\n\n\n<p>Pour tout public<\/p>\n\n\n\n<ul><li><strong><u>Les contes \u00e0 randonn\u00e9e<\/u><\/strong><\/li><\/ul>\n\n\n\n<p>Pour tout public<\/p>\n\n\n\n<ul><li><strong><u>Les contes philosophiques<\/u><\/strong><\/li><\/ul>\n\n\n\n<p>Pour tout public<\/p>\n\n\n\n<ul><li><strong>Les Contes bibliques<\/strong><\/li><\/ul>\n\n\n\n<p><\/p>\n","protected":false},"excerpt":{"rendered":"<p>Les contes \u00e9ducatifs Pour les enfants de 6 mois \u00e0 14 ans Les contes merveilleux Pour tout public Les contes \u00e0 randonn\u00e9e Pour tout public Les contes philosophiques Pour tout public Les Contes bibliques<\/p>\n","protected":false},"author":1,"featured_media":0,"parent":0,"menu_order":0,"comment_status":"closed","ping_status":"closed","template":"","meta":[],"_links":{"self":[{"href":"http:\/\/contesdechorig.fr\/index.php\/wp-json\/wp\/v2\/pages\/873"}],"collection":[{"href":"http:\/\/contesdechorig.fr\/index.php\/wp-json\/wp\/v2\/pages"}],"about":[{"href":"http:\/\/contesdechorig.fr\/index.php\/wp-json\/wp\/v2\/types\/page"}],"author":[{"embeddable":true,"href":"http:\/\/contesdechorig.fr\/index.php\/wp-json\/wp\/v2\/users\/1"}],"replies":[{"embeddable":true,"href":"http:\/\/contesdechorig.fr\/index.php\/wp-json\/wp\/v2\/comments?post=873"}],"version-history":[{"count":4,"href":"http:\/\/contesdechorig.fr\/index.php\/wp-json\/wp\/v2\/pages\/873\/revisions"}],"predecessor-version":[{"id":947,"href":"http:\/\/contesdechorig.fr\/index.php\/wp-json\/wp\/v2\/pages\/873\/revisions\/947"}],"wp:attachment":[{"href":"http:\/\/contesdechorig.fr\/index.php\/wp-json\/wp\/v2\/media?parent=873"}],"curies":[{"name":"wp","href":"https:\/\/api.w.org\/{rel}","templated":true}]}}