{"id":829,"date":"2021-04-21T18:51:51","date_gmt":"2021-04-21T17:51:51","guid":{"rendered":"http:\/\/contesdechorig.fr\/?page_id=829"},"modified":"2021-06-13T09:54:46","modified_gmt":"2021-06-13T08:54:46","slug":"concours-de-devinettes-et-de-charades-sur-le-theme-des-arbres-2","status":"publish","type":"page","link":"http:\/\/contesdechorig.fr\/index.php\/concours-de-devinettes-et-de-charades-sur-le-theme-des-arbres-2\/","title":{"rendered":"Concours 2020"},"content":{"rendered":"\n<p><strong><u>Concours de devinettes et de charades sur le th\u00e8me des arbres<\/u><\/strong><\/p>\n\n\n\n<p>1- Pour qui&nbsp;: les enfants de 7 \u00e0 14 ans<\/p>\n\n\n\n<p>2- La date du concours&nbsp;:<\/p>\n\n\n\n<p>&#8211;&nbsp;&nbsp;&nbsp;&nbsp;&nbsp;&nbsp; A partir du samedi 1\u00e8 Mai 2021<\/p>\n\n\n\n<p>&#8211;&nbsp;&nbsp;&nbsp;&nbsp;&nbsp;&nbsp; Fin du concours le samedi 30 Juin 2021<\/p>\n\n\n\n<p>3- O\u00f9 d\u00e9poser les devinettes et les charades&nbsp;:<\/p>\n\n\n\n<ul><li>&#8211; les parents, grands-parents, animateurs et \u00e9ducateurs doivent scanner les devinettes et l\u2019envoyer<\/li><li>\u00e0 notre adresse mail&nbsp;: <a href=\"mailto:famillesources@gmail.com\">famillesources@gmail.com<\/a><\/li><li>&nbsp;<\/li><\/ul>\n\n\n\n<p>4- Conditions du concours&nbsp;:<\/p>\n\n\n\n<p>\u00b7&nbsp;&nbsp;&nbsp;&nbsp;&nbsp; Etre \u00e2g\u00e9 au moins de 7 ans.<\/p>\n\n\n\n<p>\u00b7&nbsp;&nbsp;&nbsp;&nbsp;&nbsp; Chaque enfant devra composer une devinette<\/p>\n\n\n\n<p>ou &nbsp;une charade sur le th\u00e8me des \u00ab&nbsp;<strong><em>Arbres&nbsp;\u00bb<\/em><\/strong>.<\/p>\n\n\n\n<p>\u00b7&nbsp;&nbsp;&nbsp;&nbsp;&nbsp; Les enfants&nbsp; participant au concours doivent inscrire leurs pr\u00e9noms, noms ainsi que les coordonn\u00e9es t\u00e9l\u00e9phoniques et les mails des parents.&nbsp;<\/p>\n\n\n\n<p>\u00b7&nbsp;&nbsp;&nbsp;&nbsp;&nbsp; Chaque devinette et charade devra \u00eatre d\u2019une fa\u00e7on manuscrite par l\u2019enfant.<\/p>\n\n\n\n<p>Puis \u00e0 l\u2019aide d\u2019un adulte, l\u2019enfant devra envoyer &nbsp;\u00e0 la Compagnie des Mille Sources.<\/p>\n\n\n\n<p>\u00b7&nbsp;&nbsp;&nbsp;&nbsp;&nbsp; soit&nbsp;:<\/p>\n\n\n\n<p>A-par mail&nbsp;: <a href=\"mailto:famillesources@gmail.com\">famillesources@gmail.com<\/a><\/p>\n\n\n\n<p>B-par la poste&nbsp;: La Compagnie des Mille Sources<\/p>\n\n\n\n<p>&nbsp;&nbsp;&nbsp;&nbsp;&nbsp;&nbsp;&nbsp;&nbsp;&nbsp;&nbsp;&nbsp;&nbsp;&nbsp;&nbsp;&nbsp;&nbsp;&nbsp;&nbsp;&nbsp;&nbsp;&nbsp; 9, Bd P.A et J.M Dalgabio 42000 Saint-Etienne&nbsp;<\/p>\n\n\n\n<p>5-Divers r\u00e9compenses aux gagnants<\/p>\n","protected":false},"excerpt":{"rendered":"<p>Concours de devinettes et de charades sur le th\u00e8me des arbres 1- Pour qui&nbsp;: les enfants de 7 \u00e0 14 ans 2- La date du concours&nbsp;: &#8211;&nbsp;&nbsp;&nbsp;&nbsp;&nbsp;&nbsp; A partir du samedi 1\u00e8 Mai 2021 &#8211;&nbsp;&nbsp;&nbsp;&nbsp;&nbsp;&nbsp; Fin du concours le samedi 30 Juin 2021 3- O\u00f9 d\u00e9poser les devinettes et les charades&nbsp;: &#8211; les parents, grands-parents, [&hellip;]<\/p>\n","protected":false},"author":1,"featured_media":0,"parent":0,"menu_order":0,"comment_status":"closed","ping_status":"closed","template":"","meta":[],"_links":{"self":[{"href":"http:\/\/contesdechorig.fr\/index.php\/wp-json\/wp\/v2\/pages\/829"}],"collection":[{"href":"http:\/\/contesdechorig.fr\/index.php\/wp-json\/wp\/v2\/pages"}],"about":[{"href":"http:\/\/contesdechorig.fr\/index.php\/wp-json\/wp\/v2\/types\/page"}],"author":[{"embeddable":true,"href":"http:\/\/contesdechorig.fr\/index.php\/wp-json\/wp\/v2\/users\/1"}],"replies":[{"embeddable":true,"href":"http:\/\/contesdechorig.fr\/index.php\/wp-json\/wp\/v2\/comments?post=829"}],"version-history":[{"count":2,"href":"http:\/\/contesdechorig.fr\/index.php\/wp-json\/wp\/v2\/pages\/829\/revisions"}],"predecessor-version":[{"id":872,"href":"http:\/\/contesdechorig.fr\/index.php\/wp-json\/wp\/v2\/pages\/829\/revisions\/872"}],"wp:attachment":[{"href":"http:\/\/contesdechorig.fr\/index.php\/wp-json\/wp\/v2\/media?parent=829"}],"curies":[{"name":"wp","href":"https:\/\/api.w.org\/{rel}","templated":true}]}}