{"id":138,"date":"2016-10-23T12:28:12","date_gmt":"2016-10-23T11:28:12","guid":{"rendered":"http:\/\/contesdechorig.fr\/?page_id=138"},"modified":"2023-01-07T18:58:59","modified_gmt":"2023-01-07T17:58:59","slug":"les-artistes","status":"publish","type":"page","link":"http:\/\/contesdechorig.fr\/index.php\/les-artistes\/","title":{"rendered":"Les Artistes"},"content":{"rendered":"<p><img loading=\"lazy\" class=\"alignnone  wp-image-996\" src=\"http:\/\/contesdechorig.fr\/wp-content\/uploads\/2023\/01\/Chorig-en-noir-et-Blanc-a-la-Fete-du-livre-2022-726x1024.jpg\" alt=\"\" width=\"153\" height=\"216\" srcset=\"http:\/\/contesdechorig.fr\/wp-content\/uploads\/2023\/01\/Chorig-en-noir-et-Blanc-a-la-Fete-du-livre-2022-726x1024.jpg 726w, http:\/\/contesdechorig.fr\/wp-content\/uploads\/2023\/01\/Chorig-en-noir-et-Blanc-a-la-Fete-du-livre-2022-213x300.jpg 213w, http:\/\/contesdechorig.fr\/wp-content\/uploads\/2023\/01\/Chorig-en-noir-et-Blanc-a-la-Fete-du-livre-2022-768x1083.jpg 768w, http:\/\/contesdechorig.fr\/wp-content\/uploads\/2023\/01\/Chorig-en-noir-et-Blanc-a-la-Fete-du-livre-2022-1089x1536.jpg 1089w, http:\/\/contesdechorig.fr\/wp-content\/uploads\/2023\/01\/Chorig-en-noir-et-Blanc-a-la-Fete-du-livre-2022-1453x2048.jpg 1453w, http:\/\/contesdechorig.fr\/wp-content\/uploads\/2023\/01\/Chorig-en-noir-et-Blanc-a-la-Fete-du-livre-2022-scaled.jpg 1816w\" sizes=\"(max-width: 153px) 100vw, 153px\" \/><\/p>\n<p><strong>Chorig\u00a0 YERAMIAN\u00a0<\/strong>\u00a0:<\/p>\n<p>Conteuse\u00a0 et\u00a0 fondatrice\u00a0 de\u00a0 l&rsquo;association<\/p>\n<p><strong>PARCOURS DE FORMATION<\/strong><\/p>\n<p>Ayant valid\u00e9 une Licence de Sciences de l\u2019\u00e9ducation, d\u2019Arm\u00e9nien et un DU \u00e0 la Vie Associative, elle se forme pour devenir conteuse professionnelle aupr\u00e8s d\u2019enfants, d\u2019adolescents, d\u2019adultes et de personnes \u00e2g\u00e9es :<\/p>\n<p>. La For\u00eat des Contes, Ard\u00e8che avec Mariette VERGNE (1994 \u00e0 2001)<\/p>\n<p>. Formation \u00ab Raconter aux touts petits \u00bb, L\u2019Age d\u2019Or, Paris (1997)<\/p>\n<p>. Les Ateliers de la Rue Raisins, Saint-Etienne avec Jean PORCHEROT<\/p>\n<p>(1998 \u00e0 2002)<\/p>\n<p>. Formation \u00ab Raconter aux touts petits \u00bb, Les Arts du R\u00e9cit, Is\u00e8re avec Carole<\/p>\n<p>GONZOLIN (2006)<\/p>\n<p>. Formation \u00ab Contes et Mouvements \u00bb.Association Anjeli, Montpellier<\/p>\n<p>avec Flora DEVI, Conteuse danseuse indienne. (2011)<\/p>\n<p>. Cours de Chants au Conservatoire de St Etienne (de 2002 \u00e0 2005)<\/p>\n<p>. Cours de Com\u00e9die avec Herv\u00e9 HAGGAI, Com\u00e9dien, \u00e0 Gap (1999)<\/p>\n<p>Elle d\u00e9bute en 1996 au sein des m\u00e9diath\u00e8ques st\u00e9phanoises et part conter dans plusieurs r\u00e9gions de France. Puis, en 1998, Chorig cr\u00e9e l\u2019association \u00ab les Conteurs des Mille Sources \u00bb, Sources de Guillestre, de Bretagne et d\u2019Arm\u00e9nie&#8230;Depuis elle s\u2019est produite en partenariat avec plusieurs artistes dans des th\u00e9\u00e2tres, \u00e9tablissements scolaires, municipalit\u00e9s, h\u00f4pitaux, et maisons de retraite. En 2014, L\u2019association change de nom, elle s\u2019appelle d\u00e9sormais\u00a0<strong>\u00ab\u00a0la Compagnie des Mille Sources\u00a0\u00bb<\/strong><\/p>\n<p><img loading=\"lazy\" class=\"alignnone  wp-image-997\" src=\"http:\/\/contesdechorig.fr\/wp-content\/uploads\/2023\/01\/Marine-Yazidjian.jpg\" alt=\"\" width=\"150\" height=\"143\" srcset=\"http:\/\/contesdechorig.fr\/wp-content\/uploads\/2023\/01\/Marine-Yazidjian.jpg 640w, http:\/\/contesdechorig.fr\/wp-content\/uploads\/2023\/01\/Marine-Yazidjian-300x287.jpg 300w\" sizes=\"(max-width: 150px) 100vw, 150px\" \/><\/p>\n<p><strong>Marine Yazidjian, joueuse de doudouk<\/strong><\/p>\n<p>Musicienne au sein de l\u2019orchestre Navasart depuis 3 ans (Doudouk)<\/p>\n<p>Professeure de piano depuis 3 ans<\/p>\n<p>chant lyrique depuis 3 ans<\/p>\n<p>composition-arrangments<\/p>\n<p><img loading=\"lazy\" class=\"alignnone  wp-image-143\" src=\"http:\/\/contesdechorig.fr\/wp-content\/uploads\/2016\/10\/Meri-et-Chorig-satisfaite-du-spectacle-du-11122015-768x1024.jpg\" alt=\"\" width=\"140\" height=\"187\" srcset=\"http:\/\/contesdechorig.fr\/wp-content\/uploads\/2016\/10\/Meri-et-Chorig-satisfaite-du-spectacle-du-11122015-768x1024.jpg 768w, http:\/\/contesdechorig.fr\/wp-content\/uploads\/2016\/10\/Meri-et-Chorig-satisfaite-du-spectacle-du-11122015-225x300.jpg 225w\" sizes=\"(max-width: 140px) 100vw, 140px\" \/><\/p>\n<p><strong>Meri\u00a0 VARDANYAN<\/strong><strong>, Joueuse professionnelle de Kanon\u00a0<\/strong><\/p>\n<p>De 1998 \u00e0 2005- Conservatoire Sup\u00e9rieur\u00a0 National d\u2019Erevan \/Sp\u00e9cialisation Kanon et orchestration<\/p>\n<p>De 2002 \u00e0 2006- Chef d\u2019Orchestre de l\u2019ensemble Philharmonique des jeunes en Arm\u00e9nie.<\/p>\n<p>Depuis 2003, plusieurs Tourn\u00e9es internationales\u00a0: France, Belgique, Pays-Bas, Portugal, Allemagne, Pologne, Estonie, et G\u00e9orgie.<\/p>\n<p>Depuis 2008-Soliste dans le groupe \u00ab\u00a0Gurdjieff Folk Instruments ensemble\u00a0\u00bb et Tourn\u00e9e internationale avec ce groupe.<\/p>\n<p>2004- 1er Prix du concours National d\u2019instruments traditionnels en\u00a0 Arm\u00e9nie<\/p>\n<p>2009\/2012- Master 2 en Musicologie \u00e0 l\u2019Universit\u00e9 Lumi\u00e8re Lyon 2<\/p>\n<p>Depuis 2013- Professeur de Kanon\u00a0 \u00e0 la MCA de Vienne et\u00a0<strong>\u00a02014-\u00a0<\/strong>Professeur de Piano \u00e0 l\u2019\u00e9cole de musique de Meyzieu.<\/p>\n<p><strong>Depuis 2015-\u00a0<\/strong>Elle a rejoint\u00a0<strong>la Compagnie des\u00a0 Mille Sources<\/strong><\/p>\n","protected":false},"excerpt":{"rendered":"<p>Chorig\u00a0 YERAMIAN\u00a0\u00a0: Conteuse\u00a0 et\u00a0 fondatrice\u00a0 de\u00a0 l&rsquo;association PARCOURS DE FORMATION Ayant valid\u00e9 une Licence de Sciences de l\u2019\u00e9ducation, d\u2019Arm\u00e9nien et un DU \u00e0 la Vie Associative, elle se forme pour devenir conteuse professionnelle aupr\u00e8s d\u2019enfants, d\u2019adolescents, d\u2019adultes et de personnes \u00e2g\u00e9es : . La For\u00eat des Contes, Ard\u00e8che avec Mariette VERGNE (1994 \u00e0 2001) . [&hellip;]<\/p>\n","protected":false},"author":1,"featured_media":0,"parent":0,"menu_order":0,"comment_status":"closed","ping_status":"closed","template":"","meta":[],"_links":{"self":[{"href":"http:\/\/contesdechorig.fr\/index.php\/wp-json\/wp\/v2\/pages\/138"}],"collection":[{"href":"http:\/\/contesdechorig.fr\/index.php\/wp-json\/wp\/v2\/pages"}],"about":[{"href":"http:\/\/contesdechorig.fr\/index.php\/wp-json\/wp\/v2\/types\/page"}],"author":[{"embeddable":true,"href":"http:\/\/contesdechorig.fr\/index.php\/wp-json\/wp\/v2\/users\/1"}],"replies":[{"embeddable":true,"href":"http:\/\/contesdechorig.fr\/index.php\/wp-json\/wp\/v2\/comments?post=138"}],"version-history":[{"count":4,"href":"http:\/\/contesdechorig.fr\/index.php\/wp-json\/wp\/v2\/pages\/138\/revisions"}],"predecessor-version":[{"id":998,"href":"http:\/\/contesdechorig.fr\/index.php\/wp-json\/wp\/v2\/pages\/138\/revisions\/998"}],"wp:attachment":[{"href":"http:\/\/contesdechorig.fr\/index.php\/wp-json\/wp\/v2\/media?parent=138"}],"curies":[{"name":"wp","href":"https:\/\/api.w.org\/{rel}","templated":true}]}}