{"id":115,"date":"2016-10-22T07:26:49","date_gmt":"2016-10-22T06:26:49","guid":{"rendered":"http:\/\/contesdechorig.fr\/?page_id=115"},"modified":"2021-01-11T10:22:06","modified_gmt":"2021-01-11T09:22:06","slug":"photos","status":"publish","type":"page","link":"http:\/\/contesdechorig.fr\/index.php\/photos\/","title":{"rendered":"Photos"},"content":{"rendered":"<p><textarea id=\"post-title-0\" class=\"editor-post-title__input\" rows=\"1\" placeholder=\"Saisissez le titre\">Photo du spectacle du 16\/12\/20 dans une cr\u00e8che.<\/textarea><\/p>\n<div class=\"edit-post-visual-editor editor-styles-wrapper\" tabindex=\"-1\">\n<div>\n<div class=\"editor-writing-flow block-editor-writing-flow\">\n<div>\n<div>\n<div>\n<div class=\"editor-block-list__layout block-editor-block-list__layout\">\n<div id=\"block-a5914807-7385-4060-9786-941dc2be51f9\" class=\"wp-block editor-block-list__block block-editor-block-list__block is-selected is-navigate-mode\" tabindex=\"0\" data-type=\"core\/image\" aria-label=\"Bloc\u00a0: Image\">\n<div class=\"editor-block-list__insertion-point block-editor-block-list__insertion-point\">\n<div class=\"editor-block-list__insertion-point-inserter block-editor-block-list__insertion-point-inserter\" tabindex=\"-1\">\n<div class=\"editor-inserter block-editor-inserter\"><\/div>\n<\/div>\n<\/div>\n<\/div>\n<\/div>\n<\/div>\n<\/div>\n<\/div>\n<\/div>\n<\/div>\n<\/div>\n<div id=\"block-a5914807-7385-4060-9786-941dc2be51f9\" class=\"wp-block editor-block-list__block block-editor-block-list__block is-selected is-navigate-mode\" tabindex=\"0\" data-type=\"core\/image\" aria-label=\"Bloc\u00a0: Image\">\n<div class=\"components-drop-zone editor-block-drop-zone block-editor-block-drop-zone\"><\/div>\n<div class=\"editor-block-list__block-edit block-editor-block-list__block-edit\">\n<div class=\"editor-block-list__breadcrumb block-editor-block-list__breadcrumb\">\n<div class=\"components-toolbar\"><\/div>\n<\/div>\n<div data-block=\"a5914807-7385-4060-9786-941dc2be51f9\">\n<figure class=\"wp-block-image is-focused size-large\">\n<div>\n<div class=\"components-resizable-box__container\"><img src=\"http:\/\/contesdechorig.fr\/wp-content\/uploads\/2020\/12\/Chorig-a-la-fin-du-Spectacle-du-16122020-1-768x1024.jpg\" alt=\"L\u2019attribut alt de cette image est vide, son nom de fichier est Chorig-a-la-fin-du-Spectacle-du-16122020-1-768x1024.jpg.\" \/><\/div>\n<div class=\"__resizable_base__\"><\/div>\n<\/div>\n<div class=\"editor-rich-text block-editor-rich-text\">\n<div class=\"editor-rich-text block-editor-rich-text\"><\/div>\n<\/div><figcaption class=\"rich-text editor-rich-text__editable block-editor-rich-text__editable\" role=\"textbox\" contenteditable=\"true\" aria-multiline=\"true\" aria-label=\"R\u00e9digez la l\u00e9gende\u2026\"><\/figcaption><\/figure>\n<div class=\"components-drop-zone\"><\/div>\n<\/div>\n<\/div>\n<\/div>\n<div class=\"block-list-appender\">\n<div>\n<div class=\"wp-block editor-default-block-appender block-editor-default-block-appender\" data-root-client-id=\"\">\n<div class=\"components-drop-zone editor-block-drop-zone block-editor-block-drop-zone is-appender\"><\/div>\n<p><textarea class=\"editor-default-block-appender__content block-editor-default-block-appender__content\" role=\"button\" readonly=\"readonly\" rows=\"1\" aria-label=\"Ajouter un bloc\"><\/textarea><\/p>\n<div class=\"editor-inserter block-editor-inserter\"><\/div>\n<\/div>\n<\/div>\n<\/div>\n<p><img loading=\"lazy\" class=\"alignnone size-medium wp-image-116\" src=\"http:\/\/contesdechorig.fr\/wp-content\/uploads\/2016\/10\/100_1755-300x225.jpg\" alt=\"100_1755\" width=\"300\" height=\"225\" srcset=\"http:\/\/contesdechorig.fr\/wp-content\/uploads\/2016\/10\/100_1755-300x225.jpg 300w, http:\/\/contesdechorig.fr\/wp-content\/uploads\/2016\/10\/100_1755-768x576.jpg 768w, http:\/\/contesdechorig.fr\/wp-content\/uploads\/2016\/10\/100_1755-1024x768.jpg 1024w\" sizes=\"(max-width: 300px) 100vw, 300px\" \/> <img loading=\"lazy\" class=\"alignnone size-medium wp-image-117\" src=\"http:\/\/contesdechorig.fr\/wp-content\/uploads\/2016\/10\/100_1758-300x225.jpg\" alt=\"100_1758\" width=\"300\" height=\"225\" srcset=\"http:\/\/contesdechorig.fr\/wp-content\/uploads\/2016\/10\/100_1758-300x225.jpg 300w, http:\/\/contesdechorig.fr\/wp-content\/uploads\/2016\/10\/100_1758-768x576.jpg 768w, http:\/\/contesdechorig.fr\/wp-content\/uploads\/2016\/10\/100_1758-1024x768.jpg 1024w\" sizes=\"(max-width: 300px) 100vw, 300px\" \/><img loading=\"lazy\" class=\"alignnone size-medium wp-image-118\" src=\"http:\/\/contesdechorig.fr\/wp-content\/uploads\/2016\/10\/Petits-wagons-offerts-par-Chorig-300x225.jpg\" alt=\"petits-wagons-offerts-par-chorig\" width=\"300\" height=\"225\" srcset=\"http:\/\/contesdechorig.fr\/wp-content\/uploads\/2016\/10\/Petits-wagons-offerts-par-Chorig-300x225.jpg 300w, http:\/\/contesdechorig.fr\/wp-content\/uploads\/2016\/10\/Petits-wagons-offerts-par-Chorig-768x576.jpg 768w, http:\/\/contesdechorig.fr\/wp-content\/uploads\/2016\/10\/Petits-wagons-offerts-par-Chorig-1024x768.jpg 1024w, http:\/\/contesdechorig.fr\/wp-content\/uploads\/2016\/10\/Petits-wagons-offerts-par-Chorig.jpg 2048w\" sizes=\"(max-width: 300px) 100vw, 300px\" \/><img loading=\"lazy\" class=\"alignnone size-medium wp-image-119\" src=\"http:\/\/contesdechorig.fr\/wp-content\/uploads\/2016\/10\/Photo-1-de-Chorig-et-Hayg-pour-le-1\u00e8-Mars-\u00e0-Valence-300x225.jpg\" alt=\"photo-1-de-chorig-et-hayg-pour-le-1e-mars-a-valence\" width=\"300\" height=\"225\" srcset=\"http:\/\/contesdechorig.fr\/wp-content\/uploads\/2016\/10\/Photo-1-de-Chorig-et-Hayg-pour-le-1\u00e8-Mars-\u00e0-Valence-300x225.jpg 300w, http:\/\/contesdechorig.fr\/wp-content\/uploads\/2016\/10\/Photo-1-de-Chorig-et-Hayg-pour-le-1\u00e8-Mars-\u00e0-Valence-768x576.jpg 768w, http:\/\/contesdechorig.fr\/wp-content\/uploads\/2016\/10\/Photo-1-de-Chorig-et-Hayg-pour-le-1\u00e8-Mars-\u00e0-Valence.jpg 960w\" sizes=\"(max-width: 300px) 100vw, 300px\" \/><\/p>\n<p><img loading=\"lazy\" class=\"alignnone size-medium wp-image-124\" src=\"http:\/\/contesdechorig.fr\/wp-content\/uploads\/2016\/10\/Balade-Cont\u00e9e-3-en-Bretagne-\u00e0-Cl\u00e9guer-en-Mars-2012-300x200.jpg\" alt=\"balade-contee-3-en-bretagne-a-cleguer-en-mars-2012\" width=\"300\" height=\"200\" srcset=\"http:\/\/contesdechorig.fr\/wp-content\/uploads\/2016\/10\/Balade-Cont\u00e9e-3-en-Bretagne-\u00e0-Cl\u00e9guer-en-Mars-2012-300x200.jpg 300w, http:\/\/contesdechorig.fr\/wp-content\/uploads\/2016\/10\/Balade-Cont\u00e9e-3-en-Bretagne-\u00e0-Cl\u00e9guer-en-Mars-2012-768x512.jpg 768w, http:\/\/contesdechorig.fr\/wp-content\/uploads\/2016\/10\/Balade-Cont\u00e9e-3-en-Bretagne-\u00e0-Cl\u00e9guer-en-Mars-2012-1024x683.jpg 1024w\" sizes=\"(max-width: 300px) 100vw, 300px\" \/> <img loading=\"lazy\" class=\"alignnone size-medium wp-image-125\" src=\"http:\/\/contesdechorig.fr\/wp-content\/uploads\/2016\/10\/Balade-Cont\u00e9e-4-\u00e0-Cl\u00e9guer-Mars-2012-200x300.jpg\" alt=\"balade-contee-4-a-cleguer-mars-2012\" width=\"200\" height=\"300\" srcset=\"http:\/\/contesdechorig.fr\/wp-content\/uploads\/2016\/10\/Balade-Cont\u00e9e-4-\u00e0-Cl\u00e9guer-Mars-2012-200x300.jpg 200w, http:\/\/contesdechorig.fr\/wp-content\/uploads\/2016\/10\/Balade-Cont\u00e9e-4-\u00e0-Cl\u00e9guer-Mars-2012-768x1152.jpg 768w, http:\/\/contesdechorig.fr\/wp-content\/uploads\/2016\/10\/Balade-Cont\u00e9e-4-\u00e0-Cl\u00e9guer-Mars-2012-683x1024.jpg 683w\" sizes=\"(max-width: 200px) 100vw, 200px\" \/> <img loading=\"lazy\" class=\"alignnone size-medium wp-image-126\" src=\"http:\/\/contesdechorig.fr\/wp-content\/uploads\/2016\/10\/Balade-Cont\u00e9e-\u00e0-Cl\u00e9guer-Mars-2012-200x300.jpg\" alt=\"balade-contee-a-cleguer-mars-2012\" width=\"200\" height=\"300\" srcset=\"http:\/\/contesdechorig.fr\/wp-content\/uploads\/2016\/10\/Balade-Cont\u00e9e-\u00e0-Cl\u00e9guer-Mars-2012-200x300.jpg 200w, http:\/\/contesdechorig.fr\/wp-content\/uploads\/2016\/10\/Balade-Cont\u00e9e-\u00e0-Cl\u00e9guer-Mars-2012-768x1152.jpg 768w, http:\/\/contesdechorig.fr\/wp-content\/uploads\/2016\/10\/Balade-Cont\u00e9e-\u00e0-Cl\u00e9guer-Mars-2012-683x1024.jpg 683w\" sizes=\"(max-width: 200px) 100vw, 200px\" \/><\/p>\n<p><img loading=\"lazy\" class=\"alignnone size-full wp-image-122\" src=\"http:\/\/contesdechorig.fr\/wp-content\/uploads\/2016\/10\/Photo-de-Chorig-et-Hayg-\u00e0-Rochetaill\u00e9e-\u00e0-Rochetaill\u00e9e.jpg\" alt=\"photo-de-chorig-et-hayg-a-rochetaillee-a-rochetaillee\" width=\"226\" height=\"151\" \/><img loading=\"lazy\" class=\"alignnone size-full wp-image-121\" src=\"http:\/\/contesdechorig.fr\/wp-content\/uploads\/2016\/10\/Photo-de-Chorig-1-\u00e0-Rochetaill\u00e9e.jpg\" alt=\"photo-de-chorig-1-a-rochetaillee\" width=\"111\" height=\"166\" \/><\/p>\n","protected":false},"excerpt":{"rendered":"<p>Photo du spectacle du 16\/12\/20 dans une cr\u00e8che.<\/p>\n","protected":false},"author":1,"featured_media":0,"parent":0,"menu_order":0,"comment_status":"closed","ping_status":"closed","template":"","meta":[],"_links":{"self":[{"href":"http:\/\/contesdechorig.fr\/index.php\/wp-json\/wp\/v2\/pages\/115"}],"collection":[{"href":"http:\/\/contesdechorig.fr\/index.php\/wp-json\/wp\/v2\/pages"}],"about":[{"href":"http:\/\/contesdechorig.fr\/index.php\/wp-json\/wp\/v2\/types\/page"}],"author":[{"embeddable":true,"href":"http:\/\/contesdechorig.fr\/index.php\/wp-json\/wp\/v2\/users\/1"}],"replies":[{"embeddable":true,"href":"http:\/\/contesdechorig.fr\/index.php\/wp-json\/wp\/v2\/comments?post=115"}],"version-history":[{"count":3,"href":"http:\/\/contesdechorig.fr\/index.php\/wp-json\/wp\/v2\/pages\/115\/revisions"}],"predecessor-version":[{"id":767,"href":"http:\/\/contesdechorig.fr\/index.php\/wp-json\/wp\/v2\/pages\/115\/revisions\/767"}],"wp:attachment":[{"href":"http:\/\/contesdechorig.fr\/index.php\/wp-json\/wp\/v2\/media?parent=115"}],"curies":[{"name":"wp","href":"https:\/\/api.w.org\/{rel}","templated":true}]}}