{"id":1072,"date":"2023-06-08T07:08:55","date_gmt":"2023-06-08T06:08:55","guid":{"rendered":"http:\/\/contesdechorig.fr\/?page_id=1072"},"modified":"2023-06-08T07:08:55","modified_gmt":"2023-06-08T06:08:55","slug":"dates-des-balades-contees-2023","status":"publish","type":"page","link":"http:\/\/contesdechorig.fr\/index.php\/dates-des-balades-contees-2023\/","title":{"rendered":"Dates des Balades cont\u00e9es 2023"},"content":{"rendered":"\n<p>-le Mercredi 14 Juin 2023 \u00e0 Rochetaill\u00e9e de 15h \u00e0 16h<\/p>\n\n\n\n<p>&nbsp;<em>* Salle des associations de la mairie de Rochetaill\u00e9e en cas de pluie.<\/em><\/p>\n\n\n\n<p><em>* Rendez-vous sur le parking de l\u2019\u00e9glise de Rochetaill\u00e9e.<\/em><\/p>\n\n\n\n<p>&#8211; le samedi 17 Juin 2023&nbsp;dans le Parc de l&rsquo;Europe de 10h \u00e0 11h<\/p>\n\n\n\n<p><em>* Salle Matisse au Rez-de-chauss\u00e9e au Centre Social de Beaulieu en cas de pluie<\/em><\/p>\n\n\n\n<p><em>* D\u00e9part devant le parc de l\u2019Europe<\/em><\/p>\n\n\n\n<p>&#8211; le mercredi 21 Juin 2023 \u00e0 Fontan\u00e8s de 15h \u00e0 16h.<\/p>\n\n\n\n<p><em>* Salle paroissiale de Fontan\u00e8s en cas de pluie<\/em><\/p>\n\n\n\n<p><em>* D\u00e9part devant le portail du Ch\u00e2teau.<\/em><\/p>\n\n\n\n<p>&#8211; le samedi&nbsp;&nbsp; 24 Juin 2023 dans le Parc Fran\u00e7ois Mitterrand, balade nocturne de 20h \u00e0 21h<\/p>\n\n\n\n<p><em>* D\u00e9part devant le parc<\/em><\/p>\n\n\n\n<p><em>* en cas de pluie \u00e0 la Com\u00e8te, salle d\u2019orchestre (5eme \u00e9tage)<\/em><\/p>\n\n\n\n<p>&#8211; le mercredi 28 Juin 2023 dans le Parc Valjoli \u00e0 Sorbiers de 15h \u00e0 16h.<\/p>\n\n\n\n<p><em>* salle de la conciergerie en cas de pluie<\/em><\/p>\n\n\n\n<p><em>* rendez-vous devant le parking du parc<\/em><em><\/em><\/p>\n\n\n\n<p>&#8211; le samedi 1er Juillet 2023 dans le Parc \u00e0 Saint-Genest-Lerpt de 10h \u00e0 11h.<\/p>\n\n\n\n<p><em>* Salle de la paroisse en cas de pluie<\/em><\/p>\n\n\n\n<p><em>* rendez-vous sur le parking de la place Verch\u00e8re<\/em><\/p>\n\n\n\n<p>&#8211; le mercredi 5 Juillet 2023 dans le Parc Valjoli \u00e0 Sorbiers de 15h \u00e0 16h<\/p>\n\n\n\n<p><em>* salle de la conciergerie en cas de pluie<\/em><\/p>\n\n\n\n<p><em>* rendez-vous devant le parking du parc<\/em><em><\/em><\/p>\n\n\n\n<p>&#8211; le samedi 8 Juillet 2023 dans le Ch\u00e2teau de Fontan\u00e8s de 10h \u00e0 15h Balade le matin puis pique-nique partager !<\/p>\n\n\n\n<p><em>* Salle paroissiale de Fontan\u00e8s en cas de pluie<\/em><\/p>\n\n\n\n<p><em>* D\u00e9part devant le portail du Ch\u00e2teau.<\/em><\/p>\n\n\n\n<p>&#8211; le mercredi 12 Juillet 2023 dans le Parc de Roche-la-Moli\u00e8re de 15h \u00e016h.<\/p>\n\n\n\n<p><em>* La librairie \u00ab&nbsp;Au Fil des Pages&nbsp;\u00bb&nbsp;: 04 77 90 64 39 en cas de pluie<\/em><\/p>\n\n\n\n<p><em>* D\u00e9part devant le parking du Ch\u00e2teau.<\/em><\/p>\n\n\n\n<p>&#8211; le samedi 15 juillet 2023 dans le Parc du Mus\u00e9e d&rsquo;Art et d&rsquo;Industrie de 10h \u00e0 11h.<\/p>\n\n\n\n<p><em>* une salle du Mus\u00e9e en cas de pluie<\/em><\/p>\n\n\n\n<p><em>* D\u00e9part devant le portail du Mus\u00e9e<\/em><em><\/em><\/p>\n\n\n\n<p>&#8211; le mercredi 19 juillet 2023 au Ch\u00e2teau de Saint-Victor-sur-Loire de 15h \u00e0 16h.<\/p>\n\n\n\n<p><em>* en cas de pluie dans l\u2019Amphith\u00e9\u00e2tre<\/em><\/p>\n\n\n\n<p><em>* rendez-vous devant le parking du restaurant de l\u2019Isle de Saint-Victor.<\/em><\/p>\n\n\n\n<p>&#8211; le samedi 22 Juillet 2023 dans le Parc de Roche-la-Moli\u00e8re de 15h \u00e0 16h.<\/p>\n\n\n\n<p><em>* La librairie \u00ab&nbsp;Au Fil des Pages&nbsp;\u00bb&nbsp;: 04 77 90 64 39 en cas de pluie<\/em><\/p>\n\n\n\n<p><em>* D\u00e9part devant le parking du Ch\u00e2teau.<\/em><\/p>\n\n\n\n<p>&#8211; le mercredi 26 juillet 2023 au Ch\u00e2teau de Saint-Victor-sur-Loire de 15h \u00e0 16h.<\/p>\n\n\n\n<p><em>* en cas de pluie dans l\u2019Amphith\u00e9\u00e2tre<\/em><\/p>\n\n\n\n<p><em>* rendez-vous devant le parking du restaurant de l\u2019Isle de Saint-Victor.<\/em><\/p>\n\n\n\n<p><\/p>\n\n\n\n<ul><li>Renseignements aupr\u00e8s de <strong>Chorig Y\u00e9ramian<\/strong>, <strong>tel\u00a0: 06 23 69 47 81<\/strong><\/li><li>Prix <strong>7\u20ac<\/strong> par adulte<\/li><li><strong>5\u20ac<\/strong> pour les 12 \u00e0 17 ans et les demandeurs d\u2019emploi\u00a0<\/li><li>A partir de 3 ans 3<strong>\u20ac<\/strong> (jusqu\u2019\u00e0 12 ans)<\/li><li><strong>Gratuit pour les enfants de \u2013 de 3 ans.<\/strong><\/li><li><strong>Possibilit\u00e9 d\u2019abris ou de salle en cas de pluie.<\/strong><\/li><\/ul>\n\n\n\n<p><\/p>\n","protected":false},"excerpt":{"rendered":"<p>-le Mercredi 14 Juin 2023 \u00e0 Rochetaill\u00e9e de 15h \u00e0 16h &nbsp;* Salle des associations de la mairie de Rochetaill\u00e9e en cas de pluie. * Rendez-vous sur le parking de l\u2019\u00e9glise de Rochetaill\u00e9e. &#8211; le samedi 17 Juin 2023&nbsp;dans le Parc de l&rsquo;Europe de 10h \u00e0 11h * Salle Matisse au Rez-de-chauss\u00e9e au Centre Social [&hellip;]<\/p>\n","protected":false},"author":1,"featured_media":0,"parent":0,"menu_order":0,"comment_status":"closed","ping_status":"closed","template":"","meta":[],"_links":{"self":[{"href":"http:\/\/contesdechorig.fr\/index.php\/wp-json\/wp\/v2\/pages\/1072"}],"collection":[{"href":"http:\/\/contesdechorig.fr\/index.php\/wp-json\/wp\/v2\/pages"}],"about":[{"href":"http:\/\/contesdechorig.fr\/index.php\/wp-json\/wp\/v2\/types\/page"}],"author":[{"embeddable":true,"href":"http:\/\/contesdechorig.fr\/index.php\/wp-json\/wp\/v2\/users\/1"}],"replies":[{"embeddable":true,"href":"http:\/\/contesdechorig.fr\/index.php\/wp-json\/wp\/v2\/comments?post=1072"}],"version-history":[{"count":1,"href":"http:\/\/contesdechorig.fr\/index.php\/wp-json\/wp\/v2\/pages\/1072\/revisions"}],"predecessor-version":[{"id":1073,"href":"http:\/\/contesdechorig.fr\/index.php\/wp-json\/wp\/v2\/pages\/1072\/revisions\/1073"}],"wp:attachment":[{"href":"http:\/\/contesdechorig.fr\/index.php\/wp-json\/wp\/v2\/media?parent=1072"}],"curies":[{"name":"wp","href":"https:\/\/api.w.org\/{rel}","templated":true}]}}